{"id":286,"date":"2016-10-31T13:17:59","date_gmt":"2016-10-31T16:17:59","guid":{"rendered":"https:\/\/ifd5-nqn.infd.edu.ar\/sitio\/?page_id=286"},"modified":"2025-12-09T08:42:21","modified_gmt":"2025-12-09T11:42:21","slug":"inicio","status":"publish","type":"page","link":"https:\/\/ifd5-nqn.infd.edu.ar\/sitio\/","title":{"rendered":"Inicio"},"content":{"rendered":"<h1 style=\"text-align: center;\">Inscripciones 2026<\/h1>\n<p><img decoding=\"async\" loading=\"lazy\" class=\"alignnone size-medium wp-image-1241 aligncenter\" src=\"https:\/\/ifd5-nqn.infd.edu.ar\/sitio\/wp-content\/uploads\/2025\/12\/Flyer-inscripciones-2026-707x1000.jpg\" alt=\"\" width=\"707\" height=\"1000\" srcset=\"https:\/\/ifd5-nqn.infd.edu.ar\/sitio\/wp-content\/uploads\/2025\/12\/Flyer-inscripciones-2026-707x1000.jpg 707w, https:\/\/ifd5-nqn.infd.edu.ar\/sitio\/wp-content\/uploads\/2025\/12\/Flyer-inscripciones-2026-768x1086.jpg 768w, https:\/\/ifd5-nqn.infd.edu.ar\/sitio\/wp-content\/uploads\/2025\/12\/Flyer-inscripciones-2026-1086x1536.jpg 1086w, https:\/\/ifd5-nqn.infd.edu.ar\/sitio\/wp-content\/uploads\/2025\/12\/Flyer-inscripciones-2026.jpg 1131w\" sizes=\"(max-width: 707px) 100vw, 707px\" \/><\/p>\n<p>&nbsp;<\/p>\n<p>Inscripciones abiertas hasta el 12\/12\/25 inclusive. <a title=\"http:\/\/w3.neuquen.gov.ar\/cpeonline\/servlet\/hinicio\" href=\"http:\/\/w3.neuquen.gov.ar\/cpeonline\/servlet\/hinicio\" target=\"_blank\" rel=\"noopener\">Link de inscripcion<\/a>\u00a0<\/p>\n<p>Documentaci\u00f3n a presentar:\u00a0<\/p>\n<p>-Carpeta colgante<\/p>\n<p>-La inscripci\u00f3n on-line impresa\u00a0<\/p>\n<p>-Fotocopia de DNI legible (y original)<\/p>\n<p>&#8211; Fotocopia de Acta de Nacimiento (y original)<\/p>\n<p>&#8211; Fotocopia del T\u00edtulo de finalizaci\u00f3n de secundario (y original)<\/p>\n<p>-Fotos tipo carnet 4&#215;4\u00a0<\/p>\n<h2 style=\"text-align: center;\"><span style=\"color: #212121;\">Instituto Superior de Formaci\u00f3n Docente N\u00ba 5 <\/span><\/h2>\n<h1 style=\"text-align: center;\"><span style=\"color: #4c4f7e;\">\u00abMaestro Carlos Fuentealba\u00bb<\/span><\/h1>\n<h2 style=\"text-align: center;\"><span style=\"color: #4c4f7e;\">\u00a0<span style=\"font-family: 'book antiqua', palatino; font-size: 24pt;\">Profesorado de Educaci\u00f3n Primaria<\/span><\/span><\/h2>\n<h2 style=\"text-align: center;\">Edificio central:\u00a0 Santa Fe Sur 1300, Plottier<\/h2>\n<h2 style=\"text-align: center;\"><span style=\"font-family: 'andale mono', times; font-size: 18pt;\">Horario: de 8 a 22:30 hs. Tel:<\/span><span style=\"font-family: 'andale mono', times; font-size: 18pt;\"> 4932962<\/span><\/h2>\n<h1 style=\"text-align: center;\"><span style=\"color: #000080;\"><img decoding=\"async\" loading=\"lazy\" class=\"alignnone size-medium wp-image-795\" src=\"https:\/\/ifd5-nqn.infd.edu.ar\/sitio\/wp-content\/uploads\/2018\/11\/Copia-de-20171010_161554-1000x750.jpg\" alt=\"\" width=\"1000\" height=\"750\" srcset=\"https:\/\/ifd5-nqn.infd.edu.ar\/sitio\/wp-content\/uploads\/2018\/11\/Copia-de-20171010_161554-1000x750.jpg 1000w, https:\/\/ifd5-nqn.infd.edu.ar\/sitio\/wp-content\/uploads\/2018\/11\/Copia-de-20171010_161554-768x576.jpg 768w, https:\/\/ifd5-nqn.infd.edu.ar\/sitio\/wp-content\/uploads\/2018\/11\/Copia-de-20171010_161554-1900x1425.jpg 1900w\" sizes=\"(max-width: 1000px) 100vw, 1000px\" \/><\/span><\/h1>\n<h4>\u00bfQuer\u00e9s ser Profe de Educaci\u00f3n Primaria?<\/h4>\n<p><span style=\"color: #3a3a3a;\"><span style=\"font-family: Arial, serif;\"><span style=\"font-size: medium;\">Desde diciembre est\u00e1n abiertas las inscripciones para ingresantes al Profesorado de Educaci\u00f3n Primaria del Instituto Superior de Formaci\u00f3n Docente N\u00b05 (ISFD N\u00b05) \u00abMaestro Carlos Fuentealba\u00bb.\u00a0<\/span><\/span><\/span><\/p>\n<p>Por consultas escribir al correo: ifd005@neuquen.edu.ar o llamando al 0299-4932962<\/p>\n<p><strong>\u00a0OBJETIVOS DEL PROFESORADO DE NIVEL PRIMARIO<\/strong><\/p>\n<ul>\n<li>Capacitaci\u00f3n profesional de los futuros docentes, sobre la base de la cultura general adquirida en el nivel medio de\u00a0 la ense\u00f1anza.<\/li>\n<li>Actualizaci\u00f3n de los conocimientos cient\u00edficos\u00a0 de los estudiantes y ahondamiento de su formaci\u00f3n filos\u00f3fica y human\u00edstica.<\/li>\n<li>Formar un docente apto para afrontar nuevas situaciones, interesados en los problemas socio-econ\u00f3micos-culturales y un aut\u00e9ntico orientador del desarrollo aut\u00f3nomo del alumno.<\/li>\n<li>Formar un docente que, sin\u00a0 perder de vista la evoluci\u00f3n de las ciencias, sea capaz de continuar la transmisi\u00f3n generacional de\u00a0 nuestra cultura, colaborando en la incesante b\u00fasqueda del ser nacional, fortaleciendo,\u00a0luchando\u00a0y defendiendo sus esencias (cfr. Resoluci\u00f3n Ministerial N\u00b0 538 del Ministerio\u00a0 de Cultura y Educaci\u00f3n de la Naci\u00f3n, transcripta en Cir. N\u00b0 13 \u201321\/6\/78 de D.G.E.M.T.E y S. De Neuqu\u00e9n.<\/li>\n<\/ul>\n<h1 style=\"text-align: center;\"><strong style=\"color: #ff9900; font-family: 'comic sans ms', sans-serif; font-size: 14pt;\">MURAL<\/strong><\/h1>\n<p><img decoding=\"async\" loading=\"lazy\" class=\"wp-image-1107 aligncenter\" src=\"https:\/\/ifd5-nqn.infd.edu.ar\/sitio\/wp-content\/uploads\/2024\/05\/Afiche-de-collage-de-fotos-Blanco-Beige-Limpio-Cuadricula-Familia--707x1000.png\" alt=\"\" width=\"496\" height=\"702\" srcset=\"https:\/\/ifd5-nqn.infd.edu.ar\/sitio\/wp-content\/uploads\/2024\/05\/Afiche-de-collage-de-fotos-Blanco-Beige-Limpio-Cuadricula-Familia--707x1000.png 707w, https:\/\/ifd5-nqn.infd.edu.ar\/sitio\/wp-content\/uploads\/2024\/05\/Afiche-de-collage-de-fotos-Blanco-Beige-Limpio-Cuadricula-Familia--1343x1900.png 1343w, https:\/\/ifd5-nqn.infd.edu.ar\/sitio\/wp-content\/uploads\/2024\/05\/Afiche-de-collage-de-fotos-Blanco-Beige-Limpio-Cuadricula-Familia--768x1086.png 768w, https:\/\/ifd5-nqn.infd.edu.ar\/sitio\/wp-content\/uploads\/2024\/05\/Afiche-de-collage-de-fotos-Blanco-Beige-Limpio-Cuadricula-Familia--1086x1536.png 1086w, https:\/\/ifd5-nqn.infd.edu.ar\/sitio\/wp-content\/uploads\/2024\/05\/Afiche-de-collage-de-fotos-Blanco-Beige-Limpio-Cuadricula-Familia--1448x2048.png 1448w, https:\/\/ifd5-nqn.infd.edu.ar\/sitio\/wp-content\/uploads\/2024\/05\/Afiche-de-collage-de-fotos-Blanco-Beige-Limpio-Cuadricula-Familia-.png 1587w\" sizes=\"(max-width: 496px) 100vw, 496px\" \/><\/p>\n<div id=\"metaslider-id-403\" style=\"width: 100%;\" class=\"ml-slider-3-33-0 metaslider metaslider-flex metaslider-403 ml-slider ms-theme-default\" role=\"region\" aria-roledescription=\"Slideshow\" aria-label=\"Slideshow\">\n    <div id=\"metaslider_container_403\">\n        <div id=\"metaslider_403\" class=\"flexslider\">\n            <ul aria-live=\"polite\" class=\"slides\">\n                <li style=\"display: block; width: 100%;\" class=\"slide-607 ms-image\" aria-roledescription=\"slide\" aria-label=\"slide-607\"><a href=\"https:\/\/mapa.infd.edu.ar\/\" target=\"_blank\"><img src=\"https:\/\/ifd5-nqn.infd.edu.ar\/sitio\/wp-content\/uploads\/2018\/06\/mapa_infd6-1100x200.png\" height=\"200\" width=\"1100\" alt=\"\" class=\"slider-403 slide-607\" title=\"mapa_infd6\" \/><\/a><\/li>\n                <li style=\"display: none; width: 100%;\" class=\"slide-609 ms-image\" aria-roledescription=\"slide\" aria-label=\"slide-609\"><a href=\"https:\/\/www.argentina.gob.ar\/educacion\/becas\" target=\"_blank\"><img src=\"https:\/\/ifd5-nqn.infd.edu.ar\/sitio\/wp-content\/uploads\/2018\/06\/becas7-1100x200.png\" height=\"200\" width=\"1100\" alt=\"\" class=\"slider-403 slide-609\" title=\"becas7\" \/><\/a><\/li>\n                <li style=\"display: none; width: 100%;\" class=\"slide-635 ms-image\" aria-roledescription=\"slide\" aria-label=\"slide-635\"><a href=\"https:\/\/www.argentina.gob.ar\/tema\/estudiar\/formacion-docencia\" target=\"_blank\"><img src=\"https:\/\/ifd5-nqn.infd.edu.ar\/sitio\/wp-content\/uploads\/2018\/06\/convocatorias_slide6-1-1100x200.png\" height=\"200\" width=\"1100\" alt=\"\" class=\"slider-403 slide-635\" title=\"convocatorias_slide6-1\" \/><\/a><\/li>\n            <\/ul>\n        <\/div>\n        \n    <\/div>\n<\/div>\n","protected":false},"excerpt":{"rendered":"<p>Inscripciones 2026 &nbsp; Inscripciones abiertas hasta el 12\/12\/25 inclusive. Link de inscripcion\u00a0 Documentaci\u00f3n a presentar:\u00a0 -Carpeta colgante -La inscripci\u00f3n on-line impresa\u00a0 -Fotocopia de DNI legible (y original) &#8211; Fotocopia de Acta de Nacimiento (y original) &#8211; Fotocopia del T\u00edtulo de finalizaci\u00f3n de secundario (y original) -Fotos tipo carnet 4&#215;4\u00a0 Instituto Superior de Formaci\u00f3n Docente N\u00ba &#8230; <a title=\"Inicio\" class=\"read-more\" href=\"https:\/\/ifd5-nqn.infd.edu.ar\/sitio\/\" aria-label=\"More on Inicio\">[+]<\/a><\/p>\n","protected":false},"author":2364,"featured_media":0,"parent":0,"menu_order":0,"comment_status":"closed","ping_status":"closed","template":"","meta":[],"acf":[],"_links":{"self":[{"href":"https:\/\/ifd5-nqn.infd.edu.ar\/sitio\/wp-json\/wp\/v2\/pages\/286"}],"collection":[{"href":"https:\/\/ifd5-nqn.infd.edu.ar\/sitio\/wp-json\/wp\/v2\/pages"}],"about":[{"href":"https:\/\/ifd5-nqn.infd.edu.ar\/sitio\/wp-json\/wp\/v2\/types\/page"}],"author":[{"embeddable":true,"href":"https:\/\/ifd5-nqn.infd.edu.ar\/sitio\/wp-json\/wp\/v2\/users\/2364"}],"replies":[{"embeddable":true,"href":"https:\/\/ifd5-nqn.infd.edu.ar\/sitio\/wp-json\/wp\/v2\/comments?post=286"}],"version-history":[{"count":201,"href":"https:\/\/ifd5-nqn.infd.edu.ar\/sitio\/wp-json\/wp\/v2\/pages\/286\/revisions"}],"predecessor-version":[{"id":1253,"href":"https:\/\/ifd5-nqn.infd.edu.ar\/sitio\/wp-json\/wp\/v2\/pages\/286\/revisions\/1253"}],"wp:attachment":[{"href":"https:\/\/ifd5-nqn.infd.edu.ar\/sitio\/wp-json\/wp\/v2\/media?parent=286"}],"curies":[{"name":"wp","href":"https:\/\/api.w.org\/{rel}","templated":true}]}}