{"id":766,"date":"2018-08-31T14:51:02","date_gmt":"2018-08-31T17:51:02","guid":{"rendered":"https:\/\/ifd5-nqn.infd.edu.ar\/sitio\/autoridades\/"},"modified":"2025-10-02T10:30:33","modified_gmt":"2025-10-02T13:30:33","slug":"autoridades","status":"publish","type":"page","link":"https:\/\/ifd5-nqn.infd.edu.ar\/sitio\/autoridades\/","title":{"rendered":"Autoridades"},"content":{"rendered":"<ul>\n<li><strong>DIRECTORA:<\/strong> Prof. Mariana Cazorla<\/li>\n<li><strong>VICE DIRECTOR:<\/strong> Prof. Alejandro L\u00f3pez<\/li>\n<li><strong>SECRETARIA ACAD\u00c9MICA:<\/strong> Prof. Mar\u00eda Eugenia Mar\u00edn<\/li>\n<\/ul>\n<p><strong>SECRETARIA DE EXTENSI\u00d3N:<\/strong> Prof. Mar\u00eda Olgu\u00edn.<\/p>\n<p><strong>SECRETARIA DE INVESTIGACI\u00d3N:<\/strong> Prof. Ana Paula Nomikos.<\/p>\n<p><strong>COORDINACI\u00d3N DE ARTICULACI\u00d3N CURRICULAR:<\/strong> Andrea Lenda<\/p>\n<p><strong>COORDINACI\u00d3N DE INGRESO, EGRESO Y PERMANENCIA ESTUDIANTIL:<\/strong> Paula Giavedoni<\/p>\n<p><strong>COORDINACI\u00d3N DE LA PR\u00c1CTICA:<\/strong> Prof. Graciela Apaolaza.<\/p>\n<p><strong>SECRETARIA:<\/strong> Prof. Lorena Bel.<\/p>\n<p><strong>AYUDANTES DE SECRETARIA:<\/strong> Prof. Ang\u00e9lica Lagos &#8211; M\u00e9ndez,\u00a0 Carolina &#8211; Carolina Roa.<strong><span style=\"color: #993300;\"><span style=\"color: #000080;\"><br \/>\n<\/span><\/span><\/strong><\/p>\n<p><strong>BEDELES:<\/strong> Prof. Walter Ocare, Jonatan Vega y Valeria Gonz\u00e1lez.<\/p>\n<p><strong>PRECEPTORES:<\/strong> Prof. Ang\u00e9lica Lagos, Marcelo L\u00f3pez, Valeria Gonz\u00e1lez, Leo Ozuna, Luciana Ardito, Florencia Redaelli, Leandro Sotelo.<\/p>\n<p><strong>BIBLIOTECARIAS<\/strong>: Prof. Marisol Meder &#8211; Libertad Hidalgo &#8211; Leandro Faldani &#8211; Marina Insaurralde.<strong><span style=\"color: #993300;\"><span style=\"color: #000080;\"><br \/>\n<\/span><\/span><\/strong><\/p>\n","protected":false},"excerpt":{"rendered":"<p>DIRECTORA: Prof. Mariana Cazorla VICE DIRECTOR: Prof. Alejandro L\u00f3pez SECRETARIA ACAD\u00c9MICA: Prof. Mar\u00eda Eugenia Mar\u00edn SECRETARIA DE EXTENSI\u00d3N: Prof. Mar\u00eda Olgu\u00edn. SECRETARIA DE INVESTIGACI\u00d3N: Prof. Ana Paula Nomikos. COORDINACI\u00d3N DE ARTICULACI\u00d3N CURRICULAR: Andrea Lenda COORDINACI\u00d3N DE INGRESO, EGRESO Y PERMANENCIA ESTUDIANTIL: Paula Giavedoni COORDINACI\u00d3N DE LA PR\u00c1CTICA: Prof. Graciela Apaolaza. SECRETARIA: Prof. Lorena Bel. AYUDANTES &#8230; <a title=\"Autoridades\" class=\"read-more\" href=\"https:\/\/ifd5-nqn.infd.edu.ar\/sitio\/autoridades\/\" aria-label=\"More on Autoridades\">[+]<\/a><\/p>\n","protected":false},"author":864,"featured_media":0,"parent":0,"menu_order":0,"comment_status":"closed","ping_status":"closed","template":"","meta":[],"acf":[],"_links":{"self":[{"href":"https:\/\/ifd5-nqn.infd.edu.ar\/sitio\/wp-json\/wp\/v2\/pages\/766"}],"collection":[{"href":"https:\/\/ifd5-nqn.infd.edu.ar\/sitio\/wp-json\/wp\/v2\/pages"}],"about":[{"href":"https:\/\/ifd5-nqn.infd.edu.ar\/sitio\/wp-json\/wp\/v2\/types\/page"}],"author":[{"embeddable":true,"href":"https:\/\/ifd5-nqn.infd.edu.ar\/sitio\/wp-json\/wp\/v2\/users\/864"}],"replies":[{"embeddable":true,"href":"https:\/\/ifd5-nqn.infd.edu.ar\/sitio\/wp-json\/wp\/v2\/comments?post=766"}],"version-history":[{"count":25,"href":"https:\/\/ifd5-nqn.infd.edu.ar\/sitio\/wp-json\/wp\/v2\/pages\/766\/revisions"}],"predecessor-version":[{"id":1215,"href":"https:\/\/ifd5-nqn.infd.edu.ar\/sitio\/wp-json\/wp\/v2\/pages\/766\/revisions\/1215"}],"wp:attachment":[{"href":"https:\/\/ifd5-nqn.infd.edu.ar\/sitio\/wp-json\/wp\/v2\/media?parent=766"}],"curies":[{"name":"wp","href":"https:\/\/api.w.org\/{rel}","templated":true}]}}