{"id":768,"date":"2018-08-31T14:51:02","date_gmt":"2018-08-31T17:51:02","guid":{"rendered":"https:\/\/ifd5-nqn.infd.edu.ar\/sitio\/historia\/"},"modified":"2019-11-08T18:18:48","modified_gmt":"2019-11-08T21:18:48","slug":"historia","status":"publish","type":"page","link":"https:\/\/ifd5-nqn.infd.edu.ar\/sitio\/historia\/","title":{"rendered":"Historia"},"content":{"rendered":"<h3>INSTITUTO DE FORMACI\u00d3N DOCENTE N\u00ba 5<\/h3>\n<p><span style=\"color: #333399;\"><em><strong>\u00abMAESTRO CARLOS FUENTEALBA\u00bb<\/strong><\/em><\/span><\/p>\n<p>PROFESORADO DE NIVEL PRIMARIO<\/p>\n<p style=\"text-align: left;\">A partir del 1\u00b0 de marzo de 1983\u00a0(Resol. 564\/83) comienza a funcionar en Plottier el\u00a0<strong>INSTITUTO DE FORMACI\u00d3N DOCENTE N\u00ba 5.\u00a0<\/strong>\u00a0Distintos fen\u00f3menos demogr\u00e1ficos\u00a0 propiciaron su creaci\u00f3n. Uno de ellos se debi\u00f3 al desplazamiento migratorio del interior de la provincia del Neuqu\u00e9n\u00a0 hac\u00eda Plottier, ya que numerosas familias llegaban\u00a0con una visi\u00f3n de futuro en el \u00e1rea educacional. Asimismo, se hac\u00eda necesario cubrir la demanda ante los numerosos egresados secundarios con vocaci\u00f3n docente, residentes en nuestra ciudad.<\/p>\n<p>En 2017, el Instituto recibe la designaci\u00f3n del Consejo Provincial de Educaci\u00f3n de Neuqu\u00e9n para denominarse <strong>\u00abMaestro Carlos Fuentealba\u00bb<\/strong>.<\/p>\n<p>En la actualidad un gran numero de estudiantes llegan de zonas aleda\u00f1as con el objetivo de finalizar el profesorado de nivel primario dentro del IFD N\u00b0 5,\u00a0 apostando a formarse integralmente en torno a contenidos did\u00e1cticos, curriculares y tecnol\u00f3gicos que le permitan, en un futuro, desempe\u00f1arse dentro del sistema educativo, dando respuesta a las\u00a0 vacantes docentes de la regi\u00f3n.<\/p>\n<p><strong>\u00a0<span style=\"text-decoration: underline;\">OBJETIVOS DEL PROFESORADO DE NIVEL PRIMARIO<\/span><\/strong><\/p>\n<ul>\n<li>Capacitaci\u00f3n profesional de los futuros docentes, sobre la base de la cultura general adquirida en el nivel medio de\u00a0 la ense\u00f1anza.<\/li>\n<li>Actualizaci\u00f3n de los conocimientos cient\u00edficos\u00a0 de los estudiantes y ahondamiento de su formaci\u00f3n filos\u00f3fica y human\u00edstica.<\/li>\n<li>Formar un docente apto para afrontar nuevas situaciones, interesados en los problemas socio-econ\u00f3micos-culturales y un aut\u00e9ntico orientador del desarrollo aut\u00f3nomo del alumno.<\/li>\n<li>Formar un docente que, sin\u00a0 perder de vista la evoluci\u00f3n de las ciencias, sea capaz de continuar la transmisi\u00f3n generacional de\u00a0 nuestra cultura, colaborando en la incesante b\u00fasqueda del ser nacional, fortaleciendo, <span style=\"font-size: 8pt;\">luchando<\/span> y defendiendo sus esencias (cfr. Resoluci\u00f3n Ministerial N\u00b0 538 del Ministerio\u00a0 de Cultura y Educaci\u00f3n de la Naci\u00f3n, transcripta en Cir. N\u00b0 13 \u201321\/6\/78 de D.G.E.M.T.E y S. De Neuqu\u00e9n.<\/li>\n<\/ul>\n<p>&nbsp;<\/p>\n<h2><\/h2>\n<h2><\/h2>\n<p>&nbsp;<\/p>\n<p>&nbsp;<\/p>\n","protected":false},"excerpt":{"rendered":"<p>INSTITUTO DE FORMACI\u00d3N DOCENTE N\u00ba 5 \u00abMAESTRO CARLOS FUENTEALBA\u00bb PROFESORADO DE NIVEL PRIMARIO A partir del 1\u00b0 de marzo de 1983\u00a0(Resol. 564\/83) comienza a funcionar en Plottier el\u00a0INSTITUTO DE FORMACI\u00d3N DOCENTE N\u00ba 5.\u00a0\u00a0Distintos fen\u00f3menos demogr\u00e1ficos\u00a0 propiciaron su creaci\u00f3n. Uno de ellos se debi\u00f3 al desplazamiento migratorio del interior de la provincia del Neuqu\u00e9n\u00a0 hac\u00eda Plottier, &#8230; <a title=\"Historia\" class=\"read-more\" href=\"https:\/\/ifd5-nqn.infd.edu.ar\/sitio\/historia\/\" aria-label=\"More on Historia\">[+]<\/a><\/p>\n","protected":false},"author":864,"featured_media":0,"parent":0,"menu_order":0,"comment_status":"closed","ping_status":"closed","template":"","meta":[],"acf":[],"_links":{"self":[{"href":"https:\/\/ifd5-nqn.infd.edu.ar\/sitio\/wp-json\/wp\/v2\/pages\/768"}],"collection":[{"href":"https:\/\/ifd5-nqn.infd.edu.ar\/sitio\/wp-json\/wp\/v2\/pages"}],"about":[{"href":"https:\/\/ifd5-nqn.infd.edu.ar\/sitio\/wp-json\/wp\/v2\/types\/page"}],"author":[{"embeddable":true,"href":"https:\/\/ifd5-nqn.infd.edu.ar\/sitio\/wp-json\/wp\/v2\/users\/864"}],"replies":[{"embeddable":true,"href":"https:\/\/ifd5-nqn.infd.edu.ar\/sitio\/wp-json\/wp\/v2\/comments?post=768"}],"version-history":[{"count":10,"href":"https:\/\/ifd5-nqn.infd.edu.ar\/sitio\/wp-json\/wp\/v2\/pages\/768\/revisions"}],"predecessor-version":[{"id":904,"href":"https:\/\/ifd5-nqn.infd.edu.ar\/sitio\/wp-json\/wp\/v2\/pages\/768\/revisions\/904"}],"wp:attachment":[{"href":"https:\/\/ifd5-nqn.infd.edu.ar\/sitio\/wp-json\/wp\/v2\/media?parent=768"}],"curies":[{"name":"wp","href":"https:\/\/api.w.org\/{rel}","templated":true}]}}