{"id":783,"date":"2018-08-31T14:51:09","date_gmt":"2018-08-31T17:51:09","guid":{"rendered":"https:\/\/ifd5-nqn.infd.edu.ar\/sitio\/formulario-solicitud-de-pase\/"},"modified":"2026-03-12T19:19:59","modified_gmt":"2026-03-12T22:19:59","slug":"formulario-solicitud-de-pase","status":"publish","type":"page","link":"https:\/\/ifd5-nqn.infd.edu.ar\/sitio\/formulario-solicitud-de-pase\/","title":{"rendered":"Formulario Solicitud de Pase"},"content":{"rendered":"<p style=\"text-align: left;\"><strong><span style=\"font-family: Times New Roman; font-size: 10pt;\">\u00a0<\/span><\/strong><span style=\"font-size: 10pt;\"><strong>PROVINCIA DEL NEUQUEN CONSEJO PROVINCIAL DE EDUCACION\u00a0<\/strong><\/span><\/p>\n<div><span style=\"font-size: 10pt;\"><strong>\u00a0<\/strong><\/span><span style=\"font-size: 10pt;\"><strong><span style=\"color: #333399;\">INSTITUTO DE FORMACION DOCENTE N\u00ba 5: \u00abMAESTRO CARLOS FUENTEALBA\u00bb<\/span><br \/>\n<\/strong><\/span><\/div>\n<div>\n<p>Direcci\u00f3n: Santa Fe Sur 1300. Plottier, Neuqu\u00e9n<\/p>\n<p>Horarios: 8 a 22:15 hs.<\/p>\n<p>Tel\u00e9fono: 0299-4932962<\/p>\n<p><span style=\"font-size: 10pt;\"><strong>\u00a0<\/strong><\/span><\/p>\n<\/div>\n<address><strong><span style=\"color: #000080; font-family: Times New Roman; font-size: 10pt;\"> &#8211;<span style=\"color: #008080;\">&#8212;&#8212;&#8212;&#8212;&#8212;&#8212;&#8212;&#8212;&#8212;&#8212;&#8212;&#8212;&#8212;&#8212;&#8212;&#8212;&#8212;&#8212;&#8212;&#8212;&#8212;&#8212;&#8212;&#8212;&#8212;&#8212;&#8212;&#8212;&#8212;&#8211;<\/span><\/span><\/strong><\/address>\n<address><strong><span style=\"font-family: Times New Roman; font-size: 10pt;\"><span style=\"font-family: Calibri; font-size: 10pt;\">\u00a0\u00a0\u00a0\u00a0\u00a0\u00a0\u00a0\u00a0\u00a0\u00a0\u00a0\u00a0\u00a0\u00a0\u00a0\u00a0\u00a0\u00a0\u00a0\u00a0\u00a0\u00a0\u00a0\u00a0\u00a0\u00a0\u00a0\u00a0\u00a0\u00a0\u00a0\u00a0\u00a0\u00a0\u00a0\u00a0\u00a0\u00a0\u00a0\u00a0\u00a0\u00a0\u00a0\u00a0\u00a0\u00a0\u00a0\u00a0\u00a0\u00a0\u00a0SOLICITUD DE PASE<\/span><\/span><\/strong><\/address>\n<address><span style=\"color: #000000; font-family: Times New Roman; font-size: 10pt;\"> &#8230;&#8230;&#8230;&#8230;&#8230;&#8230;&#8230;&#8230;&#8230;&#8230;&#8230;&#8230;&#8230;&#8230;&#8230;&#8230;&#8230;&#8230;&#8230;&#8230;&#8230;&#8230;&#8230;&#8230;&#8230;&#8230;&#8230;&#8230;&#8230;&#8230;&#8230;&#8230;&#8230;&#8230;&#8230;&#8230;&#8230;&#8230;&#8230;..<\/span><\/address>\n<address><span style=\"font-family: Calibri; font-size: 10pt;\">Lugar y Fecha:<\/span><\/address>\n<address>\u00a0<\/address>\n<address><span style=\"font-family: Calibri; font-size: 10pt;\">\u00a0<\/span><\/address>\n<p><span style=\"font-family: Calibri; font-size: 10pt;\">A la\u00a0 Direcci\u00f3n del<\/span><\/p>\n<address><span style=\"font-family: Calibri; font-size: 10pt;\">Instituto de Formaci\u00f3n Docente N\u00b05<\/span><\/address>\n<address>\u00a0<\/address>\n<address><span style=\"font-family: Calibri; font-size: 10pt;\">Plottier<\/span><\/address>\n<address>\u00a0<\/address>\n<address><span style=\"font-family: Calibri; font-size: 10pt;\">\u00a0<\/span><\/address>\n<address><span style=\"font-family: Calibri; font-size: 10pt;\">\u00a0\u00a0\u00a0\u00a0\u00a0\u00a0\u00a0\u00a0\u00a0\u00a0\u00a0\u00a0\u00a0\u00a0\u00a0\u00a0\u00a0\u00a0\u00a0\u00a0\u00a0\u00a0\u00a0\u00a0\u00a0\u00a0\u00a0\u00a0\u00a0\u00a0\u00a0\u00a0 Quien suscribe\u2026\u2026\u2026\u2026\u2026\u2026\u2026\u2026\u2026\u2026\u2026\u2026\u2026\u2026\u2026\u2026\u2026\u2026\u2026\u2026\u2026\u2026\u2026\u2026\u2026\u2026&#8230;&#8230;<\/span><\/address>\n<address><span style=\"font-family: Times New Roman; font-size: 8pt;\"> \u00a0\u00a0\u00a0\u00a0\u00a0\u00a0\u00a0\u00a0\u00a0\u00a0\u00a0\u00a0\u00a0\u00a0\u00a0\u00a0\u00a0\u00a0\u00a0\u00a0\u00a0\u00a0\u00a0\u00a0\u00a0\u00a0\u00a0\u00a0\u00a0\u00a0\u00a0\u00a0\u00a0\u00a0\u00a0\u00a0\u00a0\u00a0\u00a0\u00a0\u00a0\u00a0\u00a0\u00a0\u00a0\u00a0\u00a0\u00a0\u00a0\u00a0\u00a0\u00a0\u00a0\u00a0\u00a0\u00a0\u00a0\u00a0\u00a0\u00a0\u00a0\u00a0\u00a0\u00a0\u00a0\u00a0\u00a0\u00a0\u00a0\u00a0\u00a0\u00a0\u00a0 (Apellidos y nombres completos)<\/span><\/address>\n<address><span style=\"font-family: Calibri; font-size: 10pt;\">DNI N\u00b0\u2026\u2026\u2026\u2026\u2026\u2026\u2026\u2026\u2026\u2026\u2026\u2026\u2026\u2026.solicita VACANTE para matricularse en esa Instituci\u00f3n.<\/span><\/address>\n<address>\u00a0<\/address>\n<address><span style=\"font-family: Calibri; font-size: 10pt;\">\u00a0\u00a0\u00a0\u00a0\u00a0\u00a0\u00a0\u00a0\u00a0\u00a0\u00a0\u00a0\u00a0\u00a0\u00a0\u00a0\u00a0\u00a0\u00a0\u00a0\u00a0\u00a0\u00a0\u00a0\u00a0\u00a0\u00a0\u00a0\u00a0\u00a0\u00a0\u00a0\u00a0\u00a0\u00a0Inici\u00e9 el cursado de la carrera\u00a0 \u2026\u2026\u2026\u2026\u2026\u2026\u2026\u2026\u2026\u2026\u2026\u2026\u2026\u2026\u2026\u2026&#8230;&#8230;.<\/span><\/address>\n<address>\u00a0<\/address>\n<address><span style=\"font-family: Calibri; font-size: 10pt;\">en el Instituto de Formaci\u00f3n Docente N\u00b0\u2026\u2026\u2026\u2026.de\u2026\u2026\u2026\u2026\u2026\u2026\u2026\u2026\u2026\u2026\u2026\u2026\u2026\u2026\u2026\u2026\u2026\u2026&#8230;<\/span><\/address>\n<address><span style=\"font-family: Calibri; font-size: 10pt;\">y por las siguientes razones, solicito el pase a esa Instituci\u00f3n: &#8230;&#8230;&#8230;&#8230;&#8230;&#8230;&#8230;&#8230;&#8230;&#8230;&#8230;\u2026\u2026\u2026\u2026\u2026\u2026\u2026\u2026\u2026\u2026\u2026\u2026\u2026\u2026\u2026\u2026\u2026\u2026\u2026\u2026\u2026\u2026\u2026\u2026\u2026\u2026\u2026\u2026\u2026\u2026\u2026\u2026\u2026\u2026\u2026\u2026\u2026\u2026\u2026\u2026\u2026\u2026\u2026\u2026\u2026\u2026\u2026\u2026<\/span><\/address>\n<address>\u00a0<\/address>\n<address><span style=\"font-size: 10pt;\"><span style=\"font-family: Calibri;\">\u00a0\u00a0\u00a0\u00a0\u00a0\u00a0\u00a0\u00a0\u00a0\u00a0\u00a0\u00a0\u00a0\u00a0\u00a0\u00a0\u00a0\u00a0\u00a0\u00a0\u00a0\u00a0\u00a0\u00a0\u00a0\u00a0\u00a0\u00a0\u00a0\u00a0\u00a0\u00a0\u00a0\u00a0\u00a0\u00a0\u00a0Adjunto la siguiente documen<\/span><span style=\"font-family: Calibri;\">taci\u00f3n:\u2026\u2026\u2026\u2026\u2026&#8230;&#8230;&#8230;&#8230;&#8230;&#8230;&#8230;&#8230;.<\/span><\/span><\/address>\n<address>\u00a0<\/address>\n<address><span style=\"font-size: 10pt;\"><span style=\"font-family: Calibri;\">\u2026\u2026\u2026\u2026\u2026\u2026\u2026\u2026\u2026\u2026\u2026\u2026\u2026\u2026\u2026\u2026\u2026\u2026\u2026\u2026\u2026\u2026\u2026\u2026\u2026\u2026\u2026\u2026\u2026\u2026\u2026\u2026\u2026\u2026\u2026\u2026\u2026\u2026\u2026\u2026\u2026\u2026\u2026\u2026\u2026\u2026\u2026\u2026\u00a0\u00a0\u00a0\u00a0\u00a0\u00a0\u00a0\u00a0\u00a0\u00a0\u00a0\u00a0\u00a0\u00a0\u00a0\u00a0\u00a0\u00a0\u00a0\u00a0\u00a0\u00a0\u00a0\u00a0\u00a0\u00a0\u00a0\u00a0\u00a0\u00a0\u00a0\u00a0\u00a0\u00a0\u00a0\u00a0\u00a0\u00a0\u00a0\u00a0\u00a0 \u00a0\u00a0\u00a0\u00a0\u00a0\u00a0\u00a0\u00a0\u00a0\u00a0\u00a0\u00a0\u00a0\u00a0\u00a0\u00a0\u00a0\u00a0\u00a0\u00a0\u00a0\u00a0\u00a0\u00a0\u00a0\u00a0\u00a0\u00a0\u00a0\u00a0 <\/span><\/span><\/address>\n<address>\u00a0<\/address>\n<address><span style=\"font-family: Calibri; font-size: 10pt;\">Sin otro particular se despide:<\/span><\/address>\n<address>\u00a0<\/address>\n<address><span style=\"font-family: Calibri; font-size: 10pt;\">\u00a0<\/span><\/address>\n<address>\u00a0<\/address>\n<address><span style=\"font-family: Calibri; font-size: 10pt;\">\u00a0\u00a0\u00a0\u00a0\u00a0\u00a0\u00a0\u00a0\u00a0\u00a0\u00a0\u00a0\u00a0\u00a0\u00a0\u00a0\u00a0\u00a0\u00a0\u00a0\u00a0\u00a0\u00a0\u00a0\u00a0\u00a0\u00a0\u00a0\u00a0\u00a0\u00a0\u00a0\u00a0\u00a0\u00a0\u00a0\u00a0\u00a0\u00a0\u00a0\u00a0\u00a0\u00a0\u00a0\u00a0\u00a0\u00a0\u00a0\u00a0\u00a0\u00a0\u00a0\u00a0\u00a0\u00a0\u00a0\u00a0\u00a0\u00a0\u00a0\u00a0Firma&#8230;&#8230;&#8230;&#8230;&#8230;&#8230;&#8230;&#8230;&#8230;&#8230;&#8230;&#8230;&#8230;&#8230;&#8230;..<\/span><\/address>\n<address>\u00a0<\/address>\n<address><span style=\"font-family: Calibri; font-size: 10pt;\">\u00a0\u00a0\u00a0\u00a0\u00a0\u00a0\u00a0\u00a0\u00a0\u00a0\u00a0\u00a0\u00a0\u00a0\u00a0\u00a0\u00a0\u00a0\u00a0\u00a0\u00a0\u00a0\u00a0\u00a0\u00a0\u00a0\u00a0\u00a0\u00a0\u00a0\u00a0\u00a0\u00a0\u00a0\u00a0\u00a0\u00a0\u00a0\u00a0\u00a0\u00a0\u00a0\u00a0\u00a0\u00a0\u00a0\u00a0\u00a0\u00a0\u00a0\u00a0\u00a0\u00a0\u00a0\u00a0\u00a0\u00a0\u00a0\u00a0\u00a0\u00a0\u00a0 Aclaraci\u00f3n&#8230;&#8230;&#8230;&#8230;&#8230;&#8230;&#8230;&#8230;&#8230;&#8230;&#8230;&#8230;&#8230;<\/span><\/address>\n<address>\u00a0<\/address>\n<address><span style=\"font-family: Calibri; font-size: 10pt;\">\u00a0\u00a0\u00a0\u00a0\u00a0\u00a0\u00a0\u00a0\u00a0\u00a0\u00a0\u00a0\u00a0\u00a0\u00a0\u00a0\u00a0\u00a0\u00a0\u00a0\u00a0\u00a0\u00a0\u00a0\u00a0\u00a0\u00a0\u00a0\u00a0\u00a0\u00a0\u00a0\u00a0\u00a0\u00a0\u00a0\u00a0\u00a0\u00a0\u00a0\u00a0\u00a0\u00a0\u00a0\u00a0\u00a0\u00a0\u00a0\u00a0\u00a0\u00a0\u00a0\u00a0\u00a0\u00a0\u00a0\u00a0\u00a0\u00a0\u00a0\u00a0\u00a0 Domicilio&#8230;&#8230;&#8230;&#8230;&#8230;&#8230;&#8230;&#8230;&#8230;&#8230;&#8230;&#8230;&#8230;..<\/span><\/address>\n<address>\u00a0<\/address>\n<address><span style=\"font-size: 10pt;\"><span style=\"font-family: Calibri;\">\u00a0\u00a0\u00a0\u00a0\u00a0\u00a0\u00a0\u00a0\u00a0\u00a0\u00a0\u00a0\u00a0\u00a0\u00a0\u00a0\u00a0\u00a0\u00a0\u00a0\u00a0\u00a0\u00a0\u00a0\u00a0\u00a0\u00a0\u00a0\u00a0\u00a0\u00a0\u00a0\u00a0\u00a0\u00a0\u00a0\u00a0\u00a0\u00a0\u00a0\u00a0\u00a0\u00a0\u00a0\u00a0\u00a0\u00a0\u00a0\u00a0\u00a0\u00a0\u00a0\u00a0\u00a0\u00a0\u00a0\u00a0\u00a0\u00a0\u00a0\u00a0\u00a0 Tel\u00e9fono fijo:&#8230;&#8230;&#8230;&#8230;&#8230;&#8230;&#8230;&#8230;&#8230;&#8230;&#8230;..<\/span><\/span><\/address>\n<address>\u00a0<\/address>\n","protected":false},"excerpt":{"rendered":"<p>\u00a0PROVINCIA DEL NEUQUEN CONSEJO PROVINCIAL DE EDUCACION\u00a0 \u00a0INSTITUTO DE FORMACION DOCENTE N\u00ba 5: \u00abMAESTRO CARLOS FUENTEALBA\u00bb Direcci\u00f3n: Santa Fe Sur 1300. Plottier, Neuqu\u00e9n Horarios: 8 a 22:15 hs. Tel\u00e9fono: 0299-4932962 \u00a0 &#8211;&#8212;&#8212;&#8212;&#8212;&#8212;&#8212;&#8212;&#8212;&#8212;&#8212;&#8212;&#8212;&#8212;&#8212;&#8212;&#8212;&#8212;&#8212;&#8212;&#8212;&#8212;&#8212;&#8212;&#8212;&#8212;&#8212;&#8212;&#8212;&#8212;&#8211; \u00a0\u00a0\u00a0\u00a0\u00a0\u00a0\u00a0\u00a0\u00a0\u00a0\u00a0\u00a0\u00a0\u00a0\u00a0\u00a0\u00a0\u00a0\u00a0\u00a0\u00a0\u00a0\u00a0\u00a0\u00a0\u00a0\u00a0\u00a0\u00a0\u00a0\u00a0\u00a0\u00a0\u00a0\u00a0\u00a0\u00a0\u00a0\u00a0\u00a0\u00a0\u00a0\u00a0\u00a0\u00a0\u00a0\u00a0\u00a0\u00a0\u00a0\u00a0SOLICITUD DE PASE &#8230;&#8230;&#8230;&#8230;&#8230;&#8230;&#8230;&#8230;&#8230;&#8230;&#8230;&#8230;&#8230;&#8230;&#8230;&#8230;&#8230;&#8230;&#8230;&#8230;&#8230;&#8230;&#8230;&#8230;&#8230;&#8230;&#8230;&#8230;&#8230;&#8230;&#8230;&#8230;&#8230;&#8230;&#8230;&#8230;&#8230;&#8230;&#8230;.. Lugar y Fecha: \u00a0 \u00a0 A la\u00a0 Direcci\u00f3n del Instituto de Formaci\u00f3n Docente N\u00b05 \u00a0 Plottier \u00a0 \u00a0 \u00a0\u00a0\u00a0\u00a0\u00a0\u00a0\u00a0\u00a0\u00a0\u00a0\u00a0\u00a0\u00a0\u00a0\u00a0\u00a0\u00a0\u00a0\u00a0\u00a0\u00a0\u00a0\u00a0\u00a0\u00a0\u00a0\u00a0\u00a0\u00a0\u00a0\u00a0\u00a0 &#8230; <a title=\"Formulario Solicitud de Pase\" class=\"read-more\" href=\"https:\/\/ifd5-nqn.infd.edu.ar\/sitio\/formulario-solicitud-de-pase\/\" aria-label=\"More on Formulario Solicitud de Pase\">[+]<\/a><\/p>\n","protected":false},"author":864,"featured_media":0,"parent":0,"menu_order":0,"comment_status":"closed","ping_status":"closed","template":"","meta":[],"acf":[],"_links":{"self":[{"href":"https:\/\/ifd5-nqn.infd.edu.ar\/sitio\/wp-json\/wp\/v2\/pages\/783"}],"collection":[{"href":"https:\/\/ifd5-nqn.infd.edu.ar\/sitio\/wp-json\/wp\/v2\/pages"}],"about":[{"href":"https:\/\/ifd5-nqn.infd.edu.ar\/sitio\/wp-json\/wp\/v2\/types\/page"}],"author":[{"embeddable":true,"href":"https:\/\/ifd5-nqn.infd.edu.ar\/sitio\/wp-json\/wp\/v2\/users\/864"}],"replies":[{"embeddable":true,"href":"https:\/\/ifd5-nqn.infd.edu.ar\/sitio\/wp-json\/wp\/v2\/comments?post=783"}],"version-history":[{"count":4,"href":"https:\/\/ifd5-nqn.infd.edu.ar\/sitio\/wp-json\/wp\/v2\/pages\/783\/revisions"}],"predecessor-version":[{"id":1249,"href":"https:\/\/ifd5-nqn.infd.edu.ar\/sitio\/wp-json\/wp\/v2\/pages\/783\/revisions\/1249"}],"wp:attachment":[{"href":"https:\/\/ifd5-nqn.infd.edu.ar\/sitio\/wp-json\/wp\/v2\/media?parent=783"}],"curies":[{"name":"wp","href":"https:\/\/api.w.org\/{rel}","templated":true}]}}