{"id":787,"date":"2018-08-31T14:51:11","date_gmt":"2018-08-31T17:51:11","guid":{"rendered":"https:\/\/ifd5-nqn.infd.edu.ar\/sitio\/informacion-para-ingresantes-extranjeros-ll\/"},"modified":"2024-11-28T19:17:26","modified_gmt":"2024-11-28T22:17:26","slug":"informacion-para-ingresantes-extranjeros-ll","status":"publish","type":"page","link":"https:\/\/ifd5-nqn.infd.edu.ar\/sitio\/informacion-para-ingresantes-extranjeros-ll\/","title":{"rendered":"Informaci\u00f3n para ingresantes  Extranjeros ll."},"content":{"rendered":"<p><span style=\"font-family: Times New Roman; font-size: 12pt;\"><strong>INFORMACION PARA INGRESANTES EXTRANJEROS\u00a0 CON ESTUDIOS\u00a0 DE NIVEL MEDIO CURSADOS EN SU PAIS DE ORIGEN.<\/strong> <\/span><\/p>\n<p><strong>REQUISITO INDISPENSABLE PARA INSCRIBIRSE EN INSTITUTOS DE FORMACION DOCENTE DEL PAIS.<\/strong><strong>\u00a0 \u00a0 \u00a0 \u00a0 \u00a0 \u00a0 \u00a0 \u00a0 \u00a0 \u00a0 \u00a0 \u00a0 \u00a0 \u00a0 \u00a0 \u00a0 \u00a0 \u00a0 \u00a0 \u00a0 \u00a0 \u00a0 \u00a0 \u00a0 \u00a0 \u00a0 \u00a0 \u00a0 \u00a0 \u00a0 \u00a0 \u00a0 \u00a0 \u00a0 \u00a0 \u00a0 \u00a0 \u00a0 \u00a0 \u00a0 \u00a0\u00a0<\/strong><\/p>\n<p><strong><em><span style=\"text-decoration: underline;\">Convalidaci\u00f3n de Estudios de Educaci\u00f3n Secundaria (Pa\u00edses con convenio)\u00a0<\/span><\/em><\/strong><\/p>\n<p><strong>Duraci\u00f3n del Tr\u00e1mite: Se puede consultar online el estado del tr\u00e1mite en la p\u00e1gina <\/strong><a href=\"http:\/\/www.me.gov.ar\/validez\/turnos\/\" target=\"_blank\" rel=\"noopener\"><strong><span style=\"text-decoration: underline;\">www.me.gov.ar\/validez\/turnos\/<\/span><\/strong><\/a><strong>\u00a0en la solapa \u201cseguimiento del tr\u00e1mite\u201d.\u00a0<\/strong><\/p>\n<p>Quienes hayan culminado sus estudios de educaci\u00f3n secundaria en el extranjero, pertenezcan a pa\u00edses con los que hay Convenio de Reconocimiento de Estudios y deseen acceder a estudios superiores en la Argentina deber\u00e1n CONVALIDAR sus estudios.<\/p>\n<p>Convalidaci\u00f3n<br \/>\nEs el reconocimiento de estudios de educaci\u00f3n secundaria completo realizados en el exterior para posibilitar la prosecuci\u00f3n de estudios superiores.<\/p>\n<p>Pa\u00edses con los que hay Convenio de Reconocimiento Rec\u00edprocos de Estudios<\/p>\n<p><strong>\u00a0<\/strong><\/p>\n<table border=\"0\" width=\"100%\" cellspacing=\"0\" cellpadding=\"0\">\n<tbody>\n<tr>\n<td valign=\"top\" width=\"11%\"><strong>\u00a0<\/strong><\/td>\n<td valign=\"top\" width=\"38%\"><a href=\"http:\/\/www.me.gov.ar\/validez\/medio_sepide.html#mexico\" target=\"_top\" rel=\"noopener\"><strong>Estados Unidos Mexicanos<\/strong><\/a><strong>\u00a0<\/strong><\/td>\n<td valign=\"top\" width=\"1%\"><strong>\u00a0<\/strong><\/td>\n<td valign=\"top\" width=\"11%\"><strong>\u00a0<\/strong><\/td>\n<td valign=\"top\" width=\"39%\"><a href=\"http:\/\/www.me.gov.ar\/validez\/medio_sepide.html#chile\" target=\"_top\" rel=\"noopener\"><strong>Rep\u00fablica de Chile<\/strong><\/a><strong>\u00a0<\/strong><\/td>\n<\/tr>\n<tr>\n<td colspan=\"5\" valign=\"top\"><strong>\u00a0<\/strong><\/td>\n<\/tr>\n<tr>\n<td valign=\"top\"><strong>\u00a0<\/strong><\/td>\n<td valign=\"top\"><a href=\"http:\/\/www.me.gov.ar\/validez\/medio_sepide.html#brasil\" target=\"_top\" rel=\"noopener\"><strong>Rep\u00fablica Federativa del Brasil<\/strong><\/a><strong>\u00a0<\/strong><\/td>\n<td valign=\"top\"><strong>\u00a0<\/strong><\/td>\n<td valign=\"top\"><strong>\u00a0<\/strong><\/td>\n<td valign=\"top\"><a href=\"http:\/\/www.me.gov.ar\/validez\/medio_sepide.html#ecuador\" target=\"_top\" rel=\"noopener\"><strong>Rep\u00fablica del Ecuador<\/strong><\/a><strong>\u00a0<\/strong><\/td>\n<\/tr>\n<tr>\n<td colspan=\"5\" valign=\"top\"><strong>\u00a0<\/strong><\/td>\n<\/tr>\n<tr>\n<td valign=\"top\"><strong>\u00a0<\/strong><\/td>\n<td valign=\"top\"><a href=\"http:\/\/www.me.gov.ar\/validez\/medio_sepide.html#paraguay\" target=\"_top\" rel=\"noopener\"><strong>Rep\u00fablica del Paraguay<\/strong><\/a><strong>\u00a0<\/strong><\/td>\n<td valign=\"top\"><strong>\u00a0<\/strong><\/td>\n<td valign=\"top\"><strong>\u00a0<\/strong><\/td>\n<td valign=\"top\"><a href=\"http:\/\/www.me.gov.ar\/validez\/medio_sepide.html#espana\" target=\"_top\" rel=\"noopener\"><strong>Reino de Espa\u00f1a<\/strong><\/a><strong>\u00a0<\/strong><\/td>\n<\/tr>\n<tr>\n<td colspan=\"5\" valign=\"top\"><strong>\u00a0<\/strong><\/td>\n<\/tr>\n<tr>\n<td valign=\"top\"><strong>\u00a0<\/strong><\/td>\n<td valign=\"top\"><a href=\"http:\/\/www.me.gov.ar\/validez\/medio_sepide.html#uruguay\" target=\"_top\" rel=\"noopener\"><strong>Rep\u00fablica Oriental del Uruguay<\/strong><\/a><strong>\u00a0<\/strong><\/td>\n<td valign=\"top\"><strong>\u00a0<\/strong><\/td>\n<td valign=\"top\"><strong>\u00a0<\/strong><\/td>\n<td valign=\"top\"><a href=\"http:\/\/www.me.gov.ar\/validez\/medio_sepide.html#italia\" target=\"_top\" rel=\"noopener\"><strong>Rep\u00fablica de Italia<\/strong><\/a><\/td>\n<\/tr>\n<tr>\n<td colspan=\"5\" valign=\"top\"><\/td>\n<\/tr>\n<tr>\n<td valign=\"top\"><\/td>\n<td valign=\"top\"><a href=\"http:\/\/www.me.gov.ar\/validez\/medio_sepide.html#bolivia\" target=\"_top\" rel=\"noopener\"><strong>Rep\u00fablica de Bolivia<\/strong><\/a><\/td>\n<td valign=\"top\"><strong>\u00a0<\/strong><\/td>\n<td valign=\"top\"><\/td>\n<td valign=\"top\"><a href=\"http:\/\/www.me.gov.ar\/validez\/medio_sepide.html#peru\" target=\"_top\" rel=\"noopener\"><strong>Rep\u00fablica del Per\u00fa<\/strong><\/a><\/td>\n<\/tr>\n<tr>\n<td colspan=\"5\" valign=\"top\"><\/td>\n<\/tr>\n<tr>\n<td valign=\"top\"><\/td>\n<td valign=\"top\"><a href=\"http:\/\/www.me.gov.ar\/validez\/medio_sepide.html#colombia\" target=\"_top\" rel=\"noopener\"><strong>Rep\u00fablica de Colombia<\/strong><\/a><\/td>\n<td valign=\"top\"><strong>\u00a0<\/strong><\/td>\n<td valign=\"top\"><\/td>\n<td valign=\"top\"><a href=\"http:\/\/www.me.gov.ar\/validez\/medio_sepide.html#venezuela\" target=\"_top\" rel=\"noopener\"><strong>Rep\u00fablica de Venezuela<\/strong><\/a><\/td>\n<\/tr>\n<\/tbody>\n<\/table>\n<p><a href=\"http:\/\/www.me.gov.ar\/validez\/medio_sepide.html#francia\" target=\"_top\" rel=\"noopener\"><strong><span style=\"text-decoration: underline;\">Rep\u00fablica de Francia:<\/span><\/strong><\/a><strong><br \/>\nNorma unilateral. Reconocimiento de Bachilleratos realizados en la Rep\u00fablica de Francia para prosecuci\u00f3n de estudios.\u00a0<\/strong><\/p>\n<p><strong> DOCUMENTACI\u00d3N A SER PRESENTADA PARA EL INICIO DEL TR\u00c1MITE DE CONVALIDACI\u00d3N DE ESTUDIOS (DEBEN INGRESAR A LA PAGINA WEB QUE ABAJO SE INDICA\u00a0 Y HACER CLICK SOBRE LA BANDERA DEL PAIS QUE CORRESPONDA ).\u00a0LUEGO SE DEBE SACAR TURNO EN ESA MISMA PAGINA.<\/strong><\/p>\n<p><strong>ATENCION LOS TURNOS SE DAN \u201cSOLAMENTE\u201d EL PRIMER D\u00cdA HABIL DE CADA MES. POR LO QUE PEDIMOS LLAMAR ANTES PARA CONFIRMAR QUE ESE D\u00cdA OTORGARAN TURNOS.<\/strong><\/p>\n<p># DOCUMENTO DE ACREDITACI\u00d3N DE IDENTIDAD (Original y Fotocopia Simple)<\/p>\n<p>&#8211; ARGENTINOS: D.N.I., Pasaporte o C.I. (en todos los casos deben estar vigentes).<br \/>\n&#8211; EXTRANJEROS: En el caso de no poseer DNI, deber\u00e1n presentar:<br \/>\n&#8211; DOCUMENTO DE IDENTIDAD VIGENTE CON EL QUE INGRES\u00d3 AL PA\u00cdS (Pasaporte o c\u00e9dula expedidos por el pa\u00eds de origen, con sello de entrada).<br \/>\n&#8211; En el caso de que el pasaporte vigente no tenga el sello de ingreso al pa\u00eds, PERMISO DE INGRESO AL PA\u00cdS EXTENDIDO POR LA DIRECCI\u00d3N NACIONAL DE MIGRACIONES.<\/p>\n<p># DOCUMENTACI\u00d3N ESCOLAR (Original y Fotocopia Simple)<\/p>\n<p>-Concentraci\u00f3n de Notas o Anal\u00edtico de Notas o Hist\u00f3rico de Escolaridad o Certificado Oficial de Estudios o Transcripto de Notas (ejemplo de denominaciones de acuerdo al pa\u00eds que expide la documentaci\u00f3n escolar)<br \/>\n-Acta de Grado (para los casos de Colombia y Ecuador).<br \/>\n-Licencia de Nivel Medio o Certificado de Conclusi\u00f3n o Titulo o Diploma de Graduaci\u00f3n (ejemplo de denominaciones de acuerdo al pa\u00eds que expide la documentaci\u00f3n escolar)<br \/>\n-IMPORTANTE: Deben coincidir textualmente el\/los apellido\/s o el\/los nombre\/s entre todos los documentos escolares con los de su documento de acreditaci\u00f3n de identidad vigente.<br \/>\n-Legalizaciones que deben constar en toda la documentaci\u00f3n escolar\u00a0(deben ser realizadas en el pa\u00eds emisor de la misma)*:<br \/>\n&#8211; Autoridades Educativas del pa\u00eds.<br \/>\n&#8211; Ministerio de Relaciones Exteriores del pa\u00eds (en caso que sea necesario).<br \/>\n&#8211; Consulado argentino en el pa\u00eds donde fue extendida la documentaci\u00f3n o Apostilla de la Haya.<br \/>\n* Estas legalizaciones tienen como excepci\u00f3n a la Rep\u00fablica Federativa del Brasil, que posee con nuestro pa\u00eds un convenio de simplificaci\u00f3n de legalizaciones. Para este pa\u00eds, la legalizaci\u00f3n solicitada es la siguiente:<br \/>\n&#8211; Autoridades educativas superiores (Regional de Educaci\u00f3n o MEC o Secretar\u00eda de Educaci\u00f3n o Inspector).<br \/>\n&#8211; Relaciones Exteriores de la Republica Federativa del Brasil. Vale aclarar que no hace falta traducci\u00f3n de la documentaci\u00f3n escolar.<\/p>\n<p>&#8211;\u00a0La documentaci\u00f3n redactada en idioma extranjero (con excepci\u00f3n de la que provenga de Brasil, que no lo requiere), debe ser traducida en Argentina por Traductor P\u00fablico de Registro y legalizada ante el Colegio de Traductores correspondiente a cada jurisdicci\u00f3n.<br \/>\n&#8211;\u00a0DIPLOM\u00c1TICOS ARGENTINOS: Agregar a lo solicitado nota de designaci\u00f3n expedida por el Ministerio de Relaciones Exteriores, Comercio Internacional y Culto de la Rep\u00fablica Argentina. Certificado que acredite el lazo familiar.<br \/>\n&#8211; EXTRANJERO HIJO DE PADRE o MADRE ARGENTINOS: Al documento personal adjuntar Partida de Nacimiento del interesado\/a. En caso de no figurar en la misma la nacionalidad del padre o madre, presentar original o fotocopia autenticada del Documento Nacional de Identidad o Partida de Nacimiento del padre o madre.<\/p>\n<p>Inicio:\u00a0Los tr\u00e1mites de convalidaci\u00f3n de estudios los puede iniciar el interesado o cualquier otra persona mayor de 18 a\u00f1os. Los extranjeros privados de la libertad deber\u00e1n tramitarlos por las Unidades Carcelarias correspondientes. Se debe presentar TODA LA DOCUMENTACI\u00d3N SOLICITADA en ORIGINAL y en FOTOCOPIA legible y simple. En caso de iniciar el tr\u00e1mite otra persona que no sea la interesada, puede presentar fotocopia autenticada ante Escribano P\u00fablico o Juez de Paz de Argentina S\u00d3LO DEL DOCUMENTO DE ACREDITACI\u00d3N DE IDENTIDAD Y DEL PERMISO DE INGRESO AL PA\u00cdS; EL RESTO DE LA DOCUMENTACI\u00d3N DEBER\u00c1 ESTAR EN ORIGINAL Y FOTOCOPIA SIMPLE Y LEGIBLE.<\/p>\n<p><strong> Retiro:\u00a0Tanto en el caso de que lo realice el interesado o un tercero, se deber\u00e1n presentar LOS ORIGINALES DE TODA LA DOCUMENTACI\u00d3N ESCOLAR Y DOCUMENTO QUE ACREDITE LA IDENTIDAD DE QUIEN RETIRA.<\/strong><\/p>\n<p><strong><span style=\"font-family: Calibri;\">\u00a0<\/span><\/strong><\/p>\n","protected":false},"excerpt":{"rendered":"<p>INFORMACION PARA INGRESANTES EXTRANJEROS\u00a0 CON ESTUDIOS\u00a0 DE NIVEL MEDIO CURSADOS EN SU PAIS DE ORIGEN. REQUISITO INDISPENSABLE PARA INSCRIBIRSE EN INSTITUTOS DE FORMACION DOCENTE DEL PAIS.\u00a0 \u00a0 \u00a0 \u00a0 \u00a0 \u00a0 \u00a0 \u00a0 \u00a0 \u00a0 \u00a0 \u00a0 \u00a0 \u00a0 \u00a0 \u00a0 \u00a0 \u00a0 \u00a0 \u00a0 \u00a0 \u00a0 \u00a0 \u00a0 \u00a0 \u00a0 \u00a0 \u00a0 \u00a0 \u00a0 &#8230; <a title=\"Informaci\u00f3n para ingresantes  Extranjeros ll.\" class=\"read-more\" href=\"https:\/\/ifd5-nqn.infd.edu.ar\/sitio\/informacion-para-ingresantes-extranjeros-ll\/\" aria-label=\"More on Informaci\u00f3n para ingresantes  Extranjeros ll.\">[+]<\/a><\/p>\n","protected":false},"author":864,"featured_media":0,"parent":0,"menu_order":0,"comment_status":"closed","ping_status":"closed","template":"","meta":[],"acf":[],"_links":{"self":[{"href":"https:\/\/ifd5-nqn.infd.edu.ar\/sitio\/wp-json\/wp\/v2\/pages\/787"}],"collection":[{"href":"https:\/\/ifd5-nqn.infd.edu.ar\/sitio\/wp-json\/wp\/v2\/pages"}],"about":[{"href":"https:\/\/ifd5-nqn.infd.edu.ar\/sitio\/wp-json\/wp\/v2\/types\/page"}],"author":[{"embeddable":true,"href":"https:\/\/ifd5-nqn.infd.edu.ar\/sitio\/wp-json\/wp\/v2\/users\/864"}],"replies":[{"embeddable":true,"href":"https:\/\/ifd5-nqn.infd.edu.ar\/sitio\/wp-json\/wp\/v2\/comments?post=787"}],"version-history":[{"count":1,"href":"https:\/\/ifd5-nqn.infd.edu.ar\/sitio\/wp-json\/wp\/v2\/pages\/787\/revisions"}],"predecessor-version":[{"id":1153,"href":"https:\/\/ifd5-nqn.infd.edu.ar\/sitio\/wp-json\/wp\/v2\/pages\/787\/revisions\/1153"}],"wp:attachment":[{"href":"https:\/\/ifd5-nqn.infd.edu.ar\/sitio\/wp-json\/wp\/v2\/media?parent=787"}],"curies":[{"name":"wp","href":"https:\/\/api.w.org\/{rel}","templated":true}]}}