{"id":790,"date":"2018-08-31T14:51:12","date_gmt":"2018-08-31T17:51:12","guid":{"rendered":"https:\/\/ifd5-nqn.infd.edu.ar\/sitio\/correlatividades\/"},"modified":"2025-10-01T17:29:10","modified_gmt":"2025-10-01T20:29:10","slug":"correlatividades","status":"publish","type":"page","link":"https:\/\/ifd5-nqn.infd.edu.ar\/sitio\/correlatividades\/","title":{"rendered":"Correlatividades"},"content":{"rendered":"<table style=\"border: 1px solid #ff6600; width: 100%; height: 34px; background-color: #ffff99;\" border=\"1\" cellspacing=\"5\" cellpadding=\"5\" align=\"center\">\n<tbody>\n<tr align=\"center\">\n<td style=\"width: 498px; text-align: center;\"><strong>Espacios curriculares correlativos para la inscripci\u00f3n al cursado<\/strong><\/td>\n<\/tr>\n<\/tbody>\n<\/table>\n<table style=\"width: 100%; height: 1563px; border: 1px solid #ff6600; background-color: #ffff99;\" border=\"1\" cellspacing=\"5\" cellpadding=\"5\" align=\"center\">\n<tbody>\n<tr>\n<td style=\"text-align: center;\"><strong>A\u00f1o<\/strong><\/td>\n<td>\u00a0<strong>Descripci\u00f3n<\/strong><\/td>\n<td style=\"text-align: center;\"><strong>Cursado Aprobado<\/strong><\/td>\n<td style=\"text-align: center;\"><strong>Acreditado<\/strong><\/td>\n<\/tr>\n<tr>\n<td style=\"text-align: center;\" rowspan=\"3\"><strong>Segundo<\/strong><\/td>\n<td><strong>Lenguajes\u00a0<\/strong><br \/>\n<strong>Art\u00ecsticos<\/strong><\/td>\n<td style=\"text-align: center;\">&#8212;&#8212;&#8211;<\/td>\n<td style=\"text-align: center;\">Espacio de Experimentaci\u00f3n Est\u00e9tico Expresivo<\/td>\n<\/tr>\n<tr>\n<td><strong>Pr\u00e1ctica II<\/strong><\/td>\n<td style=\"text-align: center;\">&#8212;&#8212;&#8211;<\/td>\n<td style=\"text-align: center;\">Pr\u00e1ctica I<\/td>\n<\/tr>\n<tr>\n<td><strong>Sujeto de la Educaci\u00f3n Primaria<\/strong><\/td>\n<td style=\"text-align: center;\">Constituci\u00f3n de la subjetividad en contextos escolares<\/td>\n<td style=\"text-align: center;\">&#8212;&#8212;&#8211;<\/td>\n<\/tr>\n<tr>\n<td style=\"width: 75px; text-align: center;\" rowspan=\"8\"><strong>Tercero<\/strong><\/td>\n<td style=\"width: 75px;\"><strong>Alfabetizaci\u00f3n Inicial: Lengua escrita y sistema de numeraci\u00f3n<\/strong><\/td>\n<td style=\"width: 180px;\">Aprendizaje<\/td>\n<td>Lectura, escritura y oralidad<\/td>\n<\/tr>\n<tr>\n<td style=\"width: 75px;\"><strong><strong>Did\u00e1ctica de la Matem\u00e1tica II<\/strong><\/strong><\/td>\n<td style=\"width: 180px;\">Did\u00e1ctica de la Matem\u00e1tica I<\/td>\n<td>Lectura, escritura y oralidad<\/td>\n<\/tr>\n<tr>\n<td style=\"width: 75px;\"><strong><strong>Literatura y formaci\u00f3n de lectores<\/strong><\/strong><\/td>\n<td style=\"width: 180px; text-align: center;\">&#8212;&#8212;&#8211;<\/td>\n<td>Lectura, escritura y oralidad<\/td>\n<\/tr>\n<tr>\n<td style=\"width: 75px;\"><strong><strong>Did\u00e1ctica de las Ciencias Sociales II<\/strong><\/strong><\/td>\n<td style=\"width: 180px;\">Did\u00e1ctica de las Ciencias Sociales I<\/td>\n<td>Lectura, escritura y oralidad<\/td>\n<\/tr>\n<tr>\n<td style=\"width: 75px;\"><strong><strong>Did\u00e1ctica de las Ciencias Naturales II<\/strong><\/strong><\/td>\n<td style=\"width: 180px;\">Did\u00e1ctica de las Ciencias Naturales I<\/td>\n<td>Lectura, escritura y oralidad<\/td>\n<\/tr>\n<tr>\n<td style=\"width: 75px;\"><strong><strong>Problem\u00e1tica de la Ense\u00f1anza en el Nivel Primario<\/strong><\/strong><\/td>\n<td style=\"width: 180px; text-align: center;\">&#8212;&#8212;&#8212;<\/td>\n<td>* Did\u00e1ctica General.<\/p>\n<p>* Pr\u00e1ctica II<\/p>\n<p>*\u00a0Lectura, escritura y oralidad<\/td>\n<\/tr>\n<tr>\n<td style=\"width: 75px;\"><strong><strong>Residencia I<\/strong><\/strong><\/td>\n<td style=\"width: 180px;\">\n<p>* Sujeto de la Educaci\u00f3n primaria.<\/p>\n<p>* Aprendizaje.<\/p>\n<p>* Did\u00e1ctica de la Matem\u00e1tica I<\/p>\n<p>* Did\u00e1ctica de la Lengua I<\/p>\n<p>* Did\u00e1ctica de las Ciencias Sociales I<\/p>\n<p>* Did\u00e1ctica de las Ciencias Naturales I<\/td>\n<td>\n<p>* Pr\u00e1ctica II<\/p>\n<p>* <strong>Todos<\/strong> los espacios curriculares de 1\u00ba a\u00f1o<\/p>\n<p>*\u00a0<strong>Tres<\/strong>\u00a0de los espacios curriculares de la columna \u00ab<em>cursado aprobado<\/em>\u00bb de 3\u00ba a\u00f1o.<\/td>\n<\/tr>\n<tr>\n<td style=\"width: 75px; text-align: center;\"><strong><strong>Problem\u00e1ticas y Perspectivas Pedag\u00f3gicas<\/strong><\/strong><\/td>\n<td style=\"width: 180px; text-align: center;\">&#8212;&#8212;&#8211;<\/td>\n<td>*\u00a0Lectura, escritura y oralidad<\/p>\n<p>* Enfoque hist\u00f3rico pol\u00edtico de la Educaci\u00f3n Argentina.<\/p>\n<p>* Enfoque sociocultural de la educaci\u00f3n.<\/td>\n<\/tr>\n<tr>\n<td style=\"width: 75px; text-align: center;\" rowspan=\"6\"><strong>Cuarto<\/strong><\/td>\n<td style=\"width: 75px;\"><strong>Did\u00e1ctica de la Matem\u00e1tica III<\/strong><\/td>\n<td style=\"width: 180px;\">Did\u00e1ctica de la Matem\u00e1tica II<\/td>\n<td style=\"text-align: center;\">&#8212;&#8212;-<\/td>\n<\/tr>\n<tr>\n<td style=\"width: 75px;\"><strong>Did\u00e1ctica de la Lengua II<\/strong><\/td>\n<td style=\"width: 180px; text-align: center;\">&#8212;&#8212;-<\/td>\n<td style=\"text-align: center;\">Did\u00e1ctica de la Lengua I<\/td>\n<\/tr>\n<tr>\n<td style=\"width: 75px;\"><strong>Did\u00e1ctica de las Ciencias Sociales III<\/strong><\/td>\n<td style=\"width: 180px;\">Did\u00e1ctica de las Ciencias Sociales II<\/td>\n<td style=\"text-align: center;\">&#8212;&#8212;<\/td>\n<\/tr>\n<tr>\n<td style=\"width: 75px;\"><strong>Did\u00e1ctica de las Ciencias Naturales III<\/strong><\/td>\n<td style=\"width: 180px;\">Did\u00e1ctica de las Ciencias Naturales II<\/td>\n<td style=\"text-align: center;\">&#8212;&#8212;<\/td>\n<\/tr>\n<tr>\n<td style=\"width: 75px;\"><strong>Residencia II<\/strong><\/p>\n<p>(Deber\u00e1n cursar en simult\u00e1neo los ateneos:<\/p>\n<p>* Did\u00e1ctica de la Matem\u00e1tica III.<\/p>\n<p>* Did\u00e1ctica de las Ciencias Sociales III.<\/p>\n<p>* Did\u00e1ctica de la Lengua II.<\/p>\n<p>* Did\u00e1ctica de las Ciencias Naturales III.)<\/td>\n<td style=\"width: 180px;\">* Problem\u00e1ctica de la Ense\u00f1anza en el Nivel Primario.<\/p>\n<p>* Alfabetizaci\u00f3n Inicial: lengua escrita y sistema de numeraci\u00f3n.<\/p>\n<p>* Literatura y formaci\u00f3n de lectores.<\/p>\n<p>* Did\u00e1ctica de la Matem\u00e1tica II.<\/p>\n<p>* Did\u00e1ctica de las Ciencias Sociales II.<\/p>\n<p style=\"text-align: justify;\">* Did\u00e1ctica de las Ciencias Naturales II.<\/p>\n<\/td>\n<td style=\"text-align: center;\">\n<p style=\"text-align: justify;\">* Residencia I.<\/p>\n<p style=\"text-align: justify;\">*\u00a0<strong>Todos<\/strong> los espacios curriculares de 2\u00ba a\u00f1o.<\/p>\n<p style=\"text-align: justify;\">*\u00a0<strong>Tres<\/strong>\u00a0de los espacios curriculares de la columna \u00abcursado aprobado\u00bb de 4\u00ba a\u00f1o.<\/p>\n<\/td>\n<\/tr>\n<tr>\n<td style=\"width: 75px;\"><strong>Filosof\u00eda de la Educaci\u00f3n<\/strong><\/td>\n<td style=\"width: 180px;\">\n<p style=\"text-align: center;\">&#8212;&#8212;-<\/p>\n<\/td>\n<td style=\"text-align: center;\">\n<p style=\"text-align: justify;\">Conocimiento<\/p>\n<\/td>\n<\/tr>\n<\/tbody>\n<\/table>\n","protected":false},"excerpt":{"rendered":"<p>Espacios curriculares correlativos para la inscripci\u00f3n al cursado A\u00f1o \u00a0Descripci\u00f3n Cursado Aprobado Acreditado Segundo Lenguajes\u00a0 Art\u00ecsticos &#8212;&#8212;&#8211; Espacio de Experimentaci\u00f3n Est\u00e9tico Expresivo Pr\u00e1ctica II &#8212;&#8212;&#8211; Pr\u00e1ctica I Sujeto de la Educaci\u00f3n Primaria Constituci\u00f3n de la subjetividad en contextos escolares &#8212;&#8212;&#8211; Tercero Alfabetizaci\u00f3n Inicial: Lengua escrita y sistema de numeraci\u00f3n Aprendizaje Lectura, escritura y oralidad Did\u00e1ctica &#8230; <a title=\"Correlatividades\" class=\"read-more\" href=\"https:\/\/ifd5-nqn.infd.edu.ar\/sitio\/correlatividades\/\" aria-label=\"More on Correlatividades\">[+]<\/a><\/p>\n","protected":false},"author":864,"featured_media":0,"parent":0,"menu_order":0,"comment_status":"closed","ping_status":"closed","template":"","meta":[],"acf":[],"_links":{"self":[{"href":"https:\/\/ifd5-nqn.infd.edu.ar\/sitio\/wp-json\/wp\/v2\/pages\/790"}],"collection":[{"href":"https:\/\/ifd5-nqn.infd.edu.ar\/sitio\/wp-json\/wp\/v2\/pages"}],"about":[{"href":"https:\/\/ifd5-nqn.infd.edu.ar\/sitio\/wp-json\/wp\/v2\/types\/page"}],"author":[{"embeddable":true,"href":"https:\/\/ifd5-nqn.infd.edu.ar\/sitio\/wp-json\/wp\/v2\/users\/864"}],"replies":[{"embeddable":true,"href":"https:\/\/ifd5-nqn.infd.edu.ar\/sitio\/wp-json\/wp\/v2\/comments?post=790"}],"version-history":[{"count":1,"href":"https:\/\/ifd5-nqn.infd.edu.ar\/sitio\/wp-json\/wp\/v2\/pages\/790\/revisions"}],"predecessor-version":[{"id":1207,"href":"https:\/\/ifd5-nqn.infd.edu.ar\/sitio\/wp-json\/wp\/v2\/pages\/790\/revisions\/1207"}],"wp:attachment":[{"href":"https:\/\/ifd5-nqn.infd.edu.ar\/sitio\/wp-json\/wp\/v2\/media?parent=790"}],"curies":[{"name":"wp","href":"https:\/\/api.w.org\/{rel}","templated":true}]}}