{"id":847,"date":"2019-10-23T18:19:40","date_gmt":"2019-10-23T21:19:40","guid":{"rendered":"https:\/\/ifd5-nqn.infd.edu.ar\/sitio\/?page_id=847"},"modified":"2025-10-01T16:57:43","modified_gmt":"2025-10-01T19:57:43","slug":"diseno-curricular","status":"publish","type":"page","link":"https:\/\/ifd5-nqn.infd.edu.ar\/sitio\/diseno-curricular\/","title":{"rendered":"Dise\u00f1o Curricular"},"content":{"rendered":"<h3>Dise\u00f1o Curricular Profesorado de Ense\u00f1anza Primaria &#8211; Resoluci\u00f3n 1689\/15<\/h3>\n<p><a href=\"https:\/\/dgns-nqn.infd.edu.ar\/sitio\/resoluciones-provinciales\/upload\/r_1689_15__I.pdf\">DESCARGA AQU\u00cd<\/a><\/p>\n<p><img decoding=\"async\" loading=\"lazy\" class=\"alignnone size-full wp-image-883\" src=\"https:\/\/ifd5-nqn.infd.edu.ar\/sitio\/wp-content\/uploads\/2019\/10\/descargar-documentos.jpg\" alt=\"\" width=\"225\" height=\"224\" \/><\/p>\n","protected":false},"excerpt":{"rendered":"<p>Dise\u00f1o Curricular Profesorado de Ense\u00f1anza Primaria &#8211; Resoluci\u00f3n 1689\/15 DESCARGA AQU\u00cd<\/p>\n","protected":false},"author":1319,"featured_media":0,"parent":0,"menu_order":0,"comment_status":"closed","ping_status":"closed","template":"","meta":[],"acf":[],"_links":{"self":[{"href":"https:\/\/ifd5-nqn.infd.edu.ar\/sitio\/wp-json\/wp\/v2\/pages\/847"}],"collection":[{"href":"https:\/\/ifd5-nqn.infd.edu.ar\/sitio\/wp-json\/wp\/v2\/pages"}],"about":[{"href":"https:\/\/ifd5-nqn.infd.edu.ar\/sitio\/wp-json\/wp\/v2\/types\/page"}],"author":[{"embeddable":true,"href":"https:\/\/ifd5-nqn.infd.edu.ar\/sitio\/wp-json\/wp\/v2\/users\/1319"}],"replies":[{"embeddable":true,"href":"https:\/\/ifd5-nqn.infd.edu.ar\/sitio\/wp-json\/wp\/v2\/comments?post=847"}],"version-history":[{"count":10,"href":"https:\/\/ifd5-nqn.infd.edu.ar\/sitio\/wp-json\/wp\/v2\/pages\/847\/revisions"}],"predecessor-version":[{"id":1206,"href":"https:\/\/ifd5-nqn.infd.edu.ar\/sitio\/wp-json\/wp\/v2\/pages\/847\/revisions\/1206"}],"wp:attachment":[{"href":"https:\/\/ifd5-nqn.infd.edu.ar\/sitio\/wp-json\/wp\/v2\/media?parent=847"}],"curies":[{"name":"wp","href":"https:\/\/api.w.org\/{rel}","templated":true}]}}